{"id":204,"date":"2025-10-02T21:50:34","date_gmt":"2025-10-02T19:50:34","guid":{"rendered":"https:\/\/controldeplagasenmurcia.es\/?page_id=204"},"modified":"2025-10-29T08:58:57","modified_gmt":"2025-10-29T07:58:57","slug":"nosotros","status":"publish","type":"page","link":"https:\/\/controldeplagasenmurcia.es\/en\/nosotros\/","title":{"rendered":"Nosotros"},"content":{"rendered":"<div data-elementor-type=\"wp-page\" data-elementor-id=\"204\" class=\"elementor elementor-204\" data-elementor-post-type=\"page\">\n\t\t\t\t<div class=\"elementor-element elementor-element-2c3d89f e-flex e-con-boxed e-con e-parent\" data-id=\"2c3d89f\" data-element_type=\"container\" data-settings=\"{&quot;background_background&quot;:&quot;classic&quot;}\">\n\t\t\t\t\t<div class=\"e-con-inner\">\n\t\t<div class=\"elementor-element elementor-element-69c5a36 e-con-full e-flex e-con e-child\" data-id=\"69c5a36\" data-element_type=\"container\">\n\t\t\t\t<div class=\"elementor-element elementor-element-5141050 elementor-widget elementor-widget-text-editor\" data-id=\"5141050\" data-element_type=\"widget\" data-widget_type=\"text-editor.default\">\n\t\t\t\t\t\t\t\t\t<p class=\"p1\">En <span class=\"s1\"><b>Nexcorp Servicios<\/b><\/span> somos una empresa de <span class=\"s1\"><b>control de plagas en Murcia<\/b><\/span> comprometida con la salud ambiental, la seguridad y la eficacia.<\/p><p class=\"p1\">Contamos con un equipo t\u00e9cnico acreditado y con amplia experiencia en la <span class=\"s1\"><b>eliminaci\u00f3n de plagas en viviendas, locales y restaurantes<\/b><\/span>, ofreciendo soluciones r\u00e1pidas, seguras y garantizadas.<\/p><p class=\"p1\">Nuestra prioridad es proteger tu hogar o negocio con tratamientos certificados que respetan la salud de las personas, las mascotas y el entorno.<\/p>\t\t\t\t\t\t\t\t<\/div>\n\t\t<div class=\"elementor-element elementor-element-852f66d e-con-full e-flex e-con e-child\" data-id=\"852f66d\" data-element_type=\"container\">\n\t\t\t\t<div class=\"elementor-element elementor-element-4e24cf3 elementor-align-center elementor-widget elementor-widget-button\" data-id=\"4e24cf3\" data-element_type=\"widget\" data-widget_type=\"button.default\">\n\t\t\t\t\t\t\t\t\t\t<a class=\"elementor-button elementor-button-link elementor-size-sm\" href=\"tel:620149189\">\n\t\t\t\t\t\t<span class=\"elementor-button-content-wrapper\">\n\t\t\t\t\t\t<span class=\"elementor-button-icon\">\n\t\t\t\t<svg xmlns=\"http:\/\/www.w3.org\/2000\/svg\" width=\"24\" height=\"24\" viewbox=\"0 0 24 24\" fill=\"none\"><path d=\"M20 15.5C18.8 15.5 17.5 15.3 16.4 14.9H16.1C15.8 14.9 15.6 15 15.4 15.2L13.2 17.4C10.4 15.9 8 13.6 6.6 10.8L8.8 8.6C9.1 8.3 9.2 7.9 9 7.6C8.7 6.5 8.5 5.2 8.5 4C8.5 3.5 8 3 7.5 3H4C3.5 3 3 3.5 3 4C3 13.4 10.6 21 20 21C20.5 21 21 20.5 21 20V16.5C21 16 20.5 15.5 20 15.5ZM5 5H6.5C6.6 5.9 6.8 6.8 7 7.6L5.8 8.8C5.4 7.6 5.1 6.3 5 5ZM19 19C17.7 18.9 16.4 18.6 15.2 18.2L16.4 17C17.2 17.2 18.1 17.4 19 17.4V19Z\" fill=\"white\"><\/path><\/svg>\t\t\t<\/span>\n\t\t\t\t\t\t\t\t\t<span class=\"elementor-button-text\">620 149 189<\/span>\n\t\t\t\t\t<\/span>\n\t\t\t\t\t<\/a>\n\t\t\t\t\t\t\t\t<\/div>\n\t\t\t\t<div class=\"elementor-element elementor-element-7765677 elementor-align-center elementor-widget elementor-widget-button\" data-id=\"7765677\" data-element_type=\"widget\" data-widget_type=\"button.default\">\n\t\t\t\t\t\t\t\t\t\t<a class=\"elementor-button elementor-button-link elementor-size-sm\" href=\"\/en\/contacto\/\">\n\t\t\t\t\t\t<span class=\"elementor-button-content-wrapper\">\n\t\t\t\t\t\t\t\t\t<span class=\"elementor-button-text\">Contactanos<\/span>\n\t\t\t\t\t<\/span>\n\t\t\t\t\t<\/a>\n\t\t\t\t\t\t\t\t<\/div>\n\t\t\t\t<\/div>\n\t\t\t\t<\/div>\n\t\t\t\t\t<\/div>\n\t\t\t\t<\/div>\n\t\t<div class=\"elementor-element elementor-element-0d5f264 e-flex e-con-boxed e-con e-parent\" data-id=\"0d5f264\" data-element_type=\"container\">\n\t\t\t\t\t<div class=\"e-con-inner\">\n\t\t<div class=\"elementor-element elementor-element-4900fc7 e-con-full e-flex e-con e-child\" data-id=\"4900fc7\" data-element_type=\"container\" data-settings=\"{&quot;background_background&quot;:&quot;classic&quot;}\">\n\t\t\t\t<div class=\"elementor-element elementor-element-790552e elementor-widget elementor-widget-text-editor\" data-id=\"790552e\" data-element_type=\"widget\" data-widget_type=\"text-editor.default\">\n\t\t\t\t\t\t\t\t\t<p class=\"p1\">En <span class=\"s1\"><b>Nexcorp Servicios<\/b><\/span> somos una empresa de <span class=\"s1\"><b>control de plagas en Murcia<\/b><\/span> comprometida con la salud ambiental, la seguridad y la eficacia.<\/p><p class=\"p1\">Contamos con un equipo t\u00e9cnico acreditado y con amplia experiencia en la <span class=\"s1\"><b>eliminaci\u00f3n de plagas en viviendas, locales y restaurantes<\/b><\/span>, ofreciendo soluciones r\u00e1pidas, seguras y garantizadas.<\/p><p class=\"p1\">Nuestra prioridad es proteger tu hogar o negocio con tratamientos certificados que respetan la salud de las personas, las mascotas y el entorno.<\/p>\t\t\t\t\t\t\t\t<\/div>\n\t\t\t\t<\/div>\n\t\t\t\t\t<\/div>\n\t\t\t\t<\/div>\n\t\t<div class=\"elementor-element elementor-element-7847c63 e-flex e-con-boxed e-con e-parent\" data-id=\"7847c63\" data-element_type=\"container\">\n\t\t\t\t\t<div class=\"e-con-inner\">\n\t\t<div class=\"elementor-element elementor-element-46ef013 e-con-full e-flex e-con e-child\" data-id=\"46ef013\" data-element_type=\"container\">\n\t\t\t\t<div class=\"elementor-element elementor-element-d8a3bfc elementor-widget-tablet__width-inherit elementor-widget elementor-widget-heading\" data-id=\"d8a3bfc\" data-element_type=\"widget\" data-widget_type=\"heading.default\">\n\t\t\t\t\t<h2 class=\"elementor-heading-title elementor-size-default\">Nuestra misi\u00f3n<\/h2>\t\t\t\t<\/div>\n\t\t\t\t<\/div>\n\t\t<div class=\"elementor-element elementor-element-f7416e5 e-con-full e-flex e-con e-child\" data-id=\"f7416e5\" data-element_type=\"container\" data-settings=\"{&quot;background_background&quot;:&quot;classic&quot;}\">\n\t\t\t\t<div class=\"elementor-element elementor-element-db84f00 elementor-widget elementor-widget-text-editor\" data-id=\"db84f00\" data-element_type=\"widget\" data-widget_type=\"text-editor.default\">\n\t\t\t\t\t\t\t\t\t<p class=\"p1\">Nuestra misi\u00f3n es clara:\u00a0 <span class=\"s1\"><b>proteger los espacios donde vives o trabajas<\/b><\/span>, garantizando un entorno saludable y libre de plagas.<\/p><p class=\"p1\">En Nexcorp entendemos que una infestaci\u00f3n puede afectar la tranquilidad, la reputaci\u00f3n e incluso el cumplimiento sanitario de tu negocio. Por eso trabajamos con protocolos profesionales, productos autorizados y un trato cercano.<\/p><p class=\"p1\"><span class=\"s1\">Somos una empresa murciana especializada en <\/span><b>control de plagas, desinfecci\u00f3n, desratizaci\u00f3n y desinsectaci\u00f3n<\/b><span class=\"s1\">, con una base s\u00f3lida en la <\/span><b>sanidad ambiental<\/b><span class=\"s1\">.<\/span><\/p><p class=\"p2\">Cada servicio est\u00e1 respaldado por t\u00e9cnicos cualificados, con <span class=\"s2\"><b>formaci\u00f3n oficial en biocidas<\/b><\/span> y las acreditaciones necesarias para garantizar la m\u00e1xima seguridad y eficacia en cada intervenci\u00f3n.<\/p>\t\t\t\t\t\t\t\t<\/div>\n\t\t\t\t<\/div>\n\t\t\t\t\t<\/div>\n\t\t\t\t<\/div>\n\t\t<div class=\"elementor-element elementor-element-c159ef2 e-flex e-con-boxed e-con e-parent\" data-id=\"c159ef2\" data-element_type=\"container\">\n\t\t\t\t\t<div class=\"e-con-inner\">\n\t\t<div class=\"elementor-element elementor-element-7e4f0cc e-con-full e-flex e-con e-child\" data-id=\"7e4f0cc\" data-element_type=\"container\">\n\t\t\t\t<div class=\"elementor-element elementor-element-01fc637 elementor-widget-tablet__width-inherit elementor-widget elementor-widget-heading\" data-id=\"01fc637\" data-element_type=\"widget\" data-widget_type=\"heading.default\">\n\t\t\t\t\t<h2 class=\"elementor-heading-title elementor-size-default\">Nuestra filosof\u00eda<\/h2>\t\t\t\t<\/div>\n\t\t\t\t<\/div>\n\t\t<div class=\"elementor-element elementor-element-7a4a200 e-con-full e-flex e-con e-child\" data-id=\"7a4a200\" data-element_type=\"container\" data-settings=\"{&quot;background_background&quot;:&quot;classic&quot;}\">\n\t\t\t\t<div class=\"elementor-element elementor-element-e774793 elementor-widget elementor-widget-text-editor\" data-id=\"e774793\" data-element_type=\"widget\" data-widget_type=\"text-editor.default\">\n\t\t\t\t\t\t\t\t\t<p class=\"p1\">Basamos nuestro trabajo en tres pilares:<\/p><ol start=\"1\"><li><p class=\"p1\"><span class=\"s1\"><b>Eficacia t\u00e9cnica:<\/b><\/span> soluciones que eliminan la plaga desde el origen.<\/p><\/li><li><p class=\"p1\"><span class=\"s1\"><b>Confianza y transparencia:<\/b><\/span> presupuestos claros y comunicaci\u00f3n directa con el cliente.<\/p><\/li><li><p class=\"p1\"><span class=\"s1\"><b>Prevenci\u00f3n continua:<\/b><\/span> mantenimientos peri\u00f3dicos y asesoramiento personalizado para evitar futuras infestaciones.<\/p><\/li><\/ol><p class=\"p1\">Nos avalan <span class=\"s2\"><b>a\u00f1os de experiencia<\/b><\/span> y la confianza de <span class=\"s2\"><b>particulares y restaurantes en Murcia<\/b><\/span> que valoran nuestra profesionalidad y resultados garantizados.<\/p><p class=\"p1\">Nuestro equipo est\u00e1 formado por <span class=\"s1\"><b>t\u00e9cnicos especializados en sanidad ambiental<\/b><\/span>, con formaci\u00f3n actualizada y biocidas autorizados por el Ministerio de Sanidad.<\/p><p class=\"p1\">Cada intervenci\u00f3n se planifica con detalle, adaptando el tratamiento al tipo de plaga, al espacio y al nivel de infestaci\u00f3n, ofreciendo <span class=\"s1\"><b>garant\u00eda por escrito<\/b><\/span>.<\/p>\t\t\t\t\t\t\t\t<\/div>\n\t\t\t\t<\/div>\n\t\t\t\t\t<\/div>\n\t\t\t\t<\/div>\n\t\t<div class=\"elementor-element elementor-element-d815a61 e-flex e-con-boxed e-con e-parent\" data-id=\"d815a61\" data-element_type=\"container\">\n\t\t\t\t\t<div class=\"e-con-inner\">\n\t\t\t\t<div class=\"elementor-element elementor-element-bde4961 elementor-widget-tablet__width-inherit elementor-widget elementor-widget-heading\" data-id=\"bde4961\" data-element_type=\"widget\" data-widget_type=\"heading.default\">\n\t\t\t\t\t<h2 class=\"elementor-heading-title elementor-size-default\">Conf\u00eda en Nexcorp Servicios<\/h2>\t\t\t\t<\/div>\n\t\t\t\t<div class=\"elementor-element elementor-element-c5b1f94 elementor-widget elementor-widget-text-editor\" data-id=\"c5b1f94\" data-element_type=\"widget\" data-widget_type=\"text-editor.default\">\n\t\t\t\t\t\t\t\t\t<p class=\"p1\"><span class=\"s1\">En Nexcorp no solo eliminamos plagas: <\/span><b>recuperamos la tranquilidad de tu espacio<\/b><span class=\"s1\">.<\/span><\/p><p class=\"p2\">Nuestra meta es ser tu empresa de confianza en control de plagas en Murcia, combinando tecnolog\u00eda, profesionalidad y atenci\u00f3n humana.<\/p><p class=\"p2\">Si buscas un servicio eficaz, seguro y con garant\u00edas, est\u00e1s en el lugar adecuado.<\/p>\t\t\t\t\t\t\t\t<\/div>\n\t\t<div class=\"elementor-element elementor-element-2ee9229 e-con-full e-flex e-con e-child\" data-id=\"2ee9229\" data-element_type=\"container\">\n\t\t\t\t<div class=\"elementor-element elementor-element-2980e55 elementor-align-center elementor-widget elementor-widget-button\" data-id=\"2980e55\" data-element_type=\"widget\" data-widget_type=\"button.default\">\n\t\t\t\t\t\t\t\t\t\t<a class=\"elementor-button elementor-button-link elementor-size-sm\" href=\"tel:620149189\">\n\t\t\t\t\t\t<span class=\"elementor-button-content-wrapper\">\n\t\t\t\t\t\t<span class=\"elementor-button-icon\">\n\t\t\t\t<svg xmlns=\"http:\/\/www.w3.org\/2000\/svg\" width=\"24\" height=\"24\" viewbox=\"0 0 24 24\" fill=\"none\"><path d=\"M20 15.5C18.8 15.5 17.5 15.3 16.4 14.9H16.1C15.8 14.9 15.6 15 15.4 15.2L13.2 17.4C10.4 15.9 8 13.6 6.6 10.8L8.8 8.6C9.1 8.3 9.2 7.9 9 7.6C8.7 6.5 8.5 5.2 8.5 4C8.5 3.5 8 3 7.5 3H4C3.5 3 3 3.5 3 4C3 13.4 10.6 21 20 21C20.5 21 21 20.5 21 20V16.5C21 16 20.5 15.5 20 15.5ZM5 5H6.5C6.6 5.9 6.8 6.8 7 7.6L5.8 8.8C5.4 7.6 5.1 6.3 5 5ZM19 19C17.7 18.9 16.4 18.6 15.2 18.2L16.4 17C17.2 17.2 18.1 17.4 19 17.4V19Z\" fill=\"white\"><\/path><\/svg>\t\t\t<\/span>\n\t\t\t\t\t\t\t\t\t<span class=\"elementor-button-text\">620 149 189<\/span>\n\t\t\t\t\t<\/span>\n\t\t\t\t\t<\/a>\n\t\t\t\t\t\t\t\t<\/div>\n\t\t\t\t<div class=\"elementor-element elementor-element-a4fe774 elementor-align-center elementor-widget elementor-widget-button\" data-id=\"a4fe774\" data-element_type=\"widget\" data-widget_type=\"button.default\">\n\t\t\t\t\t\t\t\t\t\t<a class=\"elementor-button elementor-button-link elementor-size-sm\" href=\"\/en\/contacto\/\">\n\t\t\t\t\t\t<span class=\"elementor-button-content-wrapper\">\n\t\t\t\t\t\t\t\t\t<span class=\"elementor-button-text\">Contactanos<\/span>\n\t\t\t\t\t<\/span>\n\t\t\t\t\t<\/a>\n\t\t\t\t\t\t\t\t<\/div>\n\t\t\t\t<\/div>\n\t\t\t\t\t<\/div>\n\t\t\t\t<\/div>\n\t\t\t\t<\/div>","protected":false},"excerpt":{"rendered":"<p>En Nexcorp Servicios somos una empresa de control de plagas en Murcia comprometida con la salud ambiental, la seguridad y la eficacia. Contamos con un equipo t\u00e9cnico acreditado y con amplia experiencia en la eliminaci\u00f3n de plagas en viviendas, locales y restaurantes, ofreciendo soluciones r\u00e1pidas, seguras y garantizadas. Nuestra prioridad es proteger tu hogar o [&hellip;]<\/p>","protected":false},"author":1,"featured_media":0,"parent":0,"menu_order":0,"comment_status":"closed","ping_status":"closed","template":"","meta":{"_joinchat":[],"footnotes":""},"class_list":["post-204","page","type-page","status-publish","hentry"],"yoast_head":"<!-- This site is optimized with the Yoast SEO plugin v26.6 - https:\/\/yoast.com\/wordpress\/plugins\/seo\/ -->\n<title>Nosotros - Nasser Plagas<\/title>\n<meta name=\"robots\" content=\"index, follow, max-snippet:-1, max-image-preview:large, max-video-preview:-1\" \/>\n<link rel=\"canonical\" href=\"https:\/\/controldeplagasenmurcia.es\/en\/nosotros\/\" \/>\n<meta property=\"og:locale\" content=\"en_US\" \/>\n<meta property=\"og:type\" content=\"article\" \/>\n<meta property=\"og:title\" content=\"Nosotros - Nasser Plagas\" \/>\n<meta property=\"og:description\" content=\"En Nexcorp Servicios somos una empresa de control de plagas en Murcia comprometida con la salud ambiental, la seguridad y la eficacia. Contamos con un equipo t\u00e9cnico acreditado y con amplia experiencia en la eliminaci\u00f3n de plagas en viviendas, locales y restaurantes, ofreciendo soluciones r\u00e1pidas, seguras y garantizadas. Nuestra prioridad es proteger tu hogar o [&hellip;]\" \/>\n<meta property=\"og:url\" content=\"https:\/\/controldeplagasenmurcia.es\/en\/nosotros\/\" \/>\n<meta property=\"og:site_name\" content=\"Nasser Plagas\" \/>\n<meta property=\"article:modified_time\" content=\"2025-10-29T07:58:57+00:00\" \/>\n<meta name=\"twitter:card\" content=\"summary_large_image\" \/>\n<meta name=\"twitter:label1\" content=\"Est. reading time\" \/>\n\t<meta name=\"twitter:data1\" content=\"2 minutes\" \/>\n<script type=\"application\/ld+json\" class=\"yoast-schema-graph\">{\"@context\":\"https:\/\/schema.org\",\"@graph\":[{\"@type\":\"WebPage\",\"@id\":\"https:\/\/controldeplagasenmurcia.es\/nosotros\/\",\"url\":\"https:\/\/controldeplagasenmurcia.es\/nosotros\/\",\"name\":\"Nosotros - Nasser Plagas\",\"isPartOf\":{\"@id\":\"https:\/\/controldeplagasenmurcia.es\/#website\"},\"datePublished\":\"2025-10-02T19:50:34+00:00\",\"dateModified\":\"2025-10-29T07:58:57+00:00\",\"breadcrumb\":{\"@id\":\"https:\/\/controldeplagasenmurcia.es\/nosotros\/#breadcrumb\"},\"inLanguage\":\"en-US\",\"potentialAction\":[{\"@type\":\"ReadAction\",\"target\":[\"https:\/\/controldeplagasenmurcia.es\/nosotros\/\"]}]},{\"@type\":\"BreadcrumbList\",\"@id\":\"https:\/\/controldeplagasenmurcia.es\/nosotros\/#breadcrumb\",\"itemListElement\":[{\"@type\":\"ListItem\",\"position\":1,\"name\":\"Portada\",\"item\":\"https:\/\/controldeplagasenmurcia.es\/\"},{\"@type\":\"ListItem\",\"position\":2,\"name\":\"Nosotros\"}]},{\"@type\":\"WebSite\",\"@id\":\"https:\/\/controldeplagasenmurcia.es\/#website\",\"url\":\"https:\/\/controldeplagasenmurcia.es\/\",\"name\":\"Nasser Plagas\",\"description\":\"\",\"publisher\":{\"@id\":\"https:\/\/controldeplagasenmurcia.es\/#organization\"},\"potentialAction\":[{\"@type\":\"SearchAction\",\"target\":{\"@type\":\"EntryPoint\",\"urlTemplate\":\"https:\/\/controldeplagasenmurcia.es\/?s={search_term_string}\"},\"query-input\":{\"@type\":\"PropertyValueSpecification\",\"valueRequired\":true,\"valueName\":\"search_term_string\"}}],\"inLanguage\":\"en-US\"},{\"@type\":\"Organization\",\"@id\":\"https:\/\/controldeplagasenmurcia.es\/#organization\",\"name\":\"Nasser Plagas\",\"url\":\"https:\/\/controldeplagasenmurcia.es\/\",\"logo\":{\"@type\":\"ImageObject\",\"inLanguage\":\"en-US\",\"@id\":\"https:\/\/controldeplagasenmurcia.es\/#\/schema\/logo\/image\/\",\"url\":\"https:\/\/controldeplagasenmurcia.es\/wp-content\/uploads\/2025\/10\/Unknown1759410570.png\",\"contentUrl\":\"https:\/\/controldeplagasenmurcia.es\/wp-content\/uploads\/2025\/10\/Unknown1759410570.png\",\"width\":672,\"height\":317,\"caption\":\"Nasser Plagas\"},\"image\":{\"@id\":\"https:\/\/controldeplagasenmurcia.es\/#\/schema\/logo\/image\/\"}}]}<\/script>\n<!-- \/ Yoast SEO plugin. -->","yoast_head_json":{"title":"Nosotros - Nasser Plagas","robots":{"index":"index","follow":"follow","max-snippet":"max-snippet:-1","max-image-preview":"max-image-preview:large","max-video-preview":"max-video-preview:-1"},"canonical":"https:\/\/controldeplagasenmurcia.es\/en\/nosotros\/","og_locale":"en_US","og_type":"article","og_title":"Nosotros - Nasser Plagas","og_description":"En Nexcorp Servicios somos una empresa de control de plagas en Murcia comprometida con la salud ambiental, la seguridad y la eficacia. Contamos con un equipo t\u00e9cnico acreditado y con amplia experiencia en la eliminaci\u00f3n de plagas en viviendas, locales y restaurantes, ofreciendo soluciones r\u00e1pidas, seguras y garantizadas. Nuestra prioridad es proteger tu hogar o [&hellip;]","og_url":"https:\/\/controldeplagasenmurcia.es\/en\/nosotros\/","og_site_name":"Nasser Plagas","article_modified_time":"2025-10-29T07:58:57+00:00","twitter_card":"summary_large_image","twitter_misc":{"Est. reading time":"2 minutes"},"schema":{"@context":"https:\/\/schema.org","@graph":[{"@type":"WebPage","@id":"https:\/\/controldeplagasenmurcia.es\/nosotros\/","url":"https:\/\/controldeplagasenmurcia.es\/nosotros\/","name":"Nosotros - Nasser Plagas","isPartOf":{"@id":"https:\/\/controldeplagasenmurcia.es\/#website"},"datePublished":"2025-10-02T19:50:34+00:00","dateModified":"2025-10-29T07:58:57+00:00","breadcrumb":{"@id":"https:\/\/controldeplagasenmurcia.es\/nosotros\/#breadcrumb"},"inLanguage":"en-US","potentialAction":[{"@type":"ReadAction","target":["https:\/\/controldeplagasenmurcia.es\/nosotros\/"]}]},{"@type":"BreadcrumbList","@id":"https:\/\/controldeplagasenmurcia.es\/nosotros\/#breadcrumb","itemListElement":[{"@type":"ListItem","position":1,"name":"Portada","item":"https:\/\/controldeplagasenmurcia.es\/"},{"@type":"ListItem","position":2,"name":"Nosotros"}]},{"@type":"WebSite","@id":"https:\/\/controldeplagasenmurcia.es\/#website","url":"https:\/\/controldeplagasenmurcia.es\/","name":"Nasser Plagas","description":"","publisher":{"@id":"https:\/\/controldeplagasenmurcia.es\/#organization"},"potentialAction":[{"@type":"SearchAction","target":{"@type":"EntryPoint","urlTemplate":"https:\/\/controldeplagasenmurcia.es\/?s={search_term_string}"},"query-input":{"@type":"PropertyValueSpecification","valueRequired":true,"valueName":"search_term_string"}}],"inLanguage":"en-US"},{"@type":"Organization","@id":"https:\/\/controldeplagasenmurcia.es\/#organization","name":"Nasser Plagas","url":"https:\/\/controldeplagasenmurcia.es\/","logo":{"@type":"ImageObject","inLanguage":"en-US","@id":"https:\/\/controldeplagasenmurcia.es\/#\/schema\/logo\/image\/","url":"https:\/\/controldeplagasenmurcia.es\/wp-content\/uploads\/2025\/10\/Unknown1759410570.png","contentUrl":"https:\/\/controldeplagasenmurcia.es\/wp-content\/uploads\/2025\/10\/Unknown1759410570.png","width":672,"height":317,"caption":"Nasser Plagas"},"image":{"@id":"https:\/\/controldeplagasenmurcia.es\/#\/schema\/logo\/image\/"}}]}},"_links":{"self":[{"href":"https:\/\/controldeplagasenmurcia.es\/en\/wp-json\/wp\/v2\/pages\/204","targetHints":{"allow":["GET"]}}],"collection":[{"href":"https:\/\/controldeplagasenmurcia.es\/en\/wp-json\/wp\/v2\/pages"}],"about":[{"href":"https:\/\/controldeplagasenmurcia.es\/en\/wp-json\/wp\/v2\/types\/page"}],"author":[{"embeddable":true,"href":"https:\/\/controldeplagasenmurcia.es\/en\/wp-json\/wp\/v2\/users\/1"}],"replies":[{"embeddable":true,"href":"https:\/\/controldeplagasenmurcia.es\/en\/wp-json\/wp\/v2\/comments?post=204"}],"version-history":[{"count":4,"href":"https:\/\/controldeplagasenmurcia.es\/en\/wp-json\/wp\/v2\/pages\/204\/revisions"}],"predecessor-version":[{"id":345,"href":"https:\/\/controldeplagasenmurcia.es\/en\/wp-json\/wp\/v2\/pages\/204\/revisions\/345"}],"wp:attachment":[{"href":"https:\/\/controldeplagasenmurcia.es\/en\/wp-json\/wp\/v2\/media?parent=204"}],"curies":[{"name":"wp","href":"https:\/\/api.w.org\/{rel}","templated":true}]}}